













{"id":547,"date":"2016-06-28T21:05:53","date_gmt":"2016-06-28T19:05:53","guid":{"rendered":"https:\/\/www.feng-shui-farbe.at\/kontakt\/"},"modified":"2024-02-27T10:16:48","modified_gmt":"2024-02-27T09:16:48","slug":"contact","status":"publish","type":"page","link":"https:\/\/www.feng-shui-farbe.at\/en\/contact\/","title":{"rendered":"Contact"},"content":{"rendered":"<div class=\"n2_clear\"><ss3-force-full-width data-overflow-x=\"body\" data-horizontal-selector=\"#content\"><div class=\"n2-section-smartslider fitvidsignore  n2_clear\" data-ssid=\"3\"><div id=\"n2-ss-3-align\" class=\"n2-ss-align\"><div class=\"n2-padding\"><div id=\"n2-ss-3\" data-creator=\"Smart Slider 3\" data-responsive=\"fullwidth\" class=\"n2-ss-slider n2-ow n2-has-hover n2notransition  \"><div class=\"n2-ss-slider-wrapper-inside\">\n        <div class=\"n2-ss-slider-1 n2_ss__touch_element n2-ow\">\n            <div class=\"n2-ss-slider-2 n2-ow\">\n                                                    <div class=\"n2-ss-background-animation n2-ow\"><\/div>\n                                <div class=\"n2-ss-slider-3 n2-ow\">\n\n                    <div class=\"n2-ss-slide-backgrounds n2-ow-all\"><div class=\"n2-ss-slide-background\" data-public-id=\"1\" data-mode=\"fill\"><div class=\"n2-ss-slide-background-image\" data-blur=\"0\" data-opacity=\"90\" data-x=\"56\" data-y=\"74\" data-alt=\"Erika Hacker aus Rohrbach in Ober\u00f6sterreich\" data-title=\"\" style=\"opacity:0.9;--ss-o-pos-x:56%;--ss-o-pos-y:74%\"><picture class=\"skip-lazy\" data-skip-lazy=\"1\"><img decoding=\"async\" src=\"\/\/www.feng-shui-farbe.at\/wp\/wp-content\/uploads\/Erika-Hacker-aus-Rohrbach-in-Oberoesterreich-2.jpg\" alt=\"Erika Hacker aus Rohrbach in Ober\u00f6sterreich\" title=\"\" loading=\"lazy\" class=\"skip-lazy\" data-skip-lazy=\"1\"\/><\/picture><\/div><div data-color=\"RGBA(0,0,0,1)\" style=\"background-color: RGBA(0,0,0,1);\" class=\"n2-ss-slide-background-color\"><\/div><\/div><div class=\"n2-ss-slide-background\" data-public-id=\"2\" data-mode=\"fill\" aria-hidden=\"true\"><div class=\"n2-ss-slide-background-image\" data-blur=\"0\" data-opacity=\"90\" data-x=\"56\" data-y=\"74\" data-alt=\"Erika Hacker aus Rohrbach in Ober\u00f6sterreich\" data-title=\"\" style=\"opacity:0.9;--ss-o-pos-x:56%;--ss-o-pos-y:74%\"><picture class=\"skip-lazy\" data-skip-lazy=\"1\"><img decoding=\"async\" src=\"\/\/www.feng-shui-farbe.at\/wp\/wp-content\/uploads\/Erika-Hacker-aus-Rohrbach-in-Oberoesterreich-3.jpg\" alt=\"Erika Hacker aus Rohrbach in Ober\u00f6sterreich\" title=\"\" loading=\"lazy\" class=\"skip-lazy\" data-skip-lazy=\"1\"\/><\/picture><\/div><div data-color=\"RGBA(0,0,0,1)\" style=\"background-color: RGBA(0,0,0,1);\" class=\"n2-ss-slide-background-color\"><\/div><\/div><div class=\"n2-ss-slide-background\" data-public-id=\"3\" data-mode=\"fill\" aria-hidden=\"true\"><div class=\"n2-ss-slide-background-image\" data-blur=\"0\" data-opacity=\"90\" data-x=\"56\" data-y=\"74\" data-alt=\"Erika Hacker aus Rohrbach in Ober\u00f6sterreich\" data-title=\"\" style=\"opacity:0.9;--ss-o-pos-x:56%;--ss-o-pos-y:74%\"><picture class=\"skip-lazy\" data-skip-lazy=\"1\"><img decoding=\"async\" src=\"\/\/www.feng-shui-farbe.at\/wp\/wp-content\/uploads\/Erika-Hacker-aus-Rohrbach-in-Oberoesterreich-4.jpg\" alt=\"Erika Hacker aus Rohrbach in Ober\u00f6sterreich\" title=\"\" loading=\"lazy\" class=\"skip-lazy\" data-skip-lazy=\"1\"\/><\/picture><\/div><div data-color=\"RGBA(0,0,0,1)\" style=\"background-color: RGBA(0,0,0,1);\" class=\"n2-ss-slide-background-color\"><\/div><\/div><\/div>                    <div class=\"n2-ss-slider-4 n2-ow\">\n                        <svg xmlns=\"http:\/\/www.w3.org\/2000\/svg\" viewBox=\"0 0 1920 700\" data-related-device=\"desktopPortrait\" class=\"n2-ow n2-ss-preserve-size n2-ss-preserve-size--slider n2-ss-slide-limiter\"><\/svg><div data-first=\"1\" data-slide-duration=\"0\" data-id=\"15\" data-slide-public-id=\"1\" data-title=\"Erika Hacker aus Rohrbach in Ober\u00f6sterreich\" class=\"n2-ss-slide n2-ow  n2-ss-slide-15\"><div role=\"note\" class=\"n2-ss-slide--focus\" tabindex=\"-1\">Erika Hacker aus Rohrbach in Ober\u00f6sterreich<\/div><div class=\"n2-ss-layers-container n2-ss-slide-limiter n2-ow\"><div class=\"n2-ss-layer n2-ow n-uc-FDoq40Np0pY8\" data-sstype=\"slide\" data-pm=\"default\"><\/div><\/div><\/div><div data-slide-duration=\"0\" data-id=\"16\" data-slide-public-id=\"2\" aria-hidden=\"true\" data-title=\"Erika Hacker aus Rohrbach in Ober\u00f6sterreich\" class=\"n2-ss-slide n2-ow  n2-ss-slide-16\"><div role=\"note\" class=\"n2-ss-slide--focus\" tabindex=\"-1\">Erika Hacker aus Rohrbach in Ober\u00f6sterreich<\/div><div class=\"n2-ss-layers-container n2-ss-slide-limiter n2-ow\"><div class=\"n2-ss-layer n2-ow n-uc-eIpKThEhwZeU\" data-sstype=\"slide\" data-pm=\"default\"><\/div><\/div><\/div><div data-slide-duration=\"0\" data-id=\"17\" data-slide-public-id=\"3\" aria-hidden=\"true\" data-title=\"Erika Hacker aus Rohrbach in Ober\u00f6sterreich\" class=\"n2-ss-slide n2-ow  n2-ss-slide-17\"><div role=\"note\" class=\"n2-ss-slide--focus\" tabindex=\"-1\">Erika Hacker aus Rohrbach in Ober\u00f6sterreich<\/div><div class=\"n2-ss-layers-container n2-ss-slide-limiter n2-ow\"><div class=\"n2-ss-layer n2-ow n-uc-kaLW29RyYmUs\" data-sstype=\"slide\" data-pm=\"default\"><\/div><\/div><\/div>                    <\/div>\n\n                                    <\/div>\n            <\/div>\n        <\/div>\n        <div class=\"n2-ss-slider-controls n2-ss-slider-controls-absolute-left-center\"><div style=\"--widget-offset:15px;\" class=\"n2-ss-widget n2-ss-widget-display-hover nextend-arrow n2-ow-all nextend-arrow-previous  nextend-arrow-animated-fade\" data-hide-mobilelandscape=\"1\" data-hide-mobileportrait=\"1\" id=\"n2-ss-3-arrow-previous\" role=\"button\" aria-label=\"previous arrow\" tabindex=\"0\"><img loading=\"lazy\" decoding=\"async\" width=\"32\" height=\"32\" class=\"skip-lazy\" data-skip-lazy=\"1\" src=\"data:image\/svg+xml;base64,PHN2ZyB3aWR0aD0iMzIiIGhlaWdodD0iMzIiIHZpZXdCb3g9IjAgMCAzMiAzMiIgeG1sbnM9Imh0dHA6Ly93d3cudzMub3JnLzIwMDAvc3ZnIj4KICAgIDxwYXRoIGQ9Ik0xMS40MzMgMTUuOTkyTDIyLjY5IDUuNzEyYy4zOTMtLjM5LjM5My0xLjAzIDAtMS40Mi0uMzkzLS4zOS0xLjAzLS4zOS0xLjQyMyAwbC0xMS45OCAxMC45NGMtLjIxLjIxLS4zLjQ5LS4yODUuNzYtLjAxNS4yOC4wNzUuNTYuMjg0Ljc3bDExLjk4IDEwLjk0Yy4zOTMuMzkgMS4wMy4zOSAxLjQyNCAwIC4zOTMtLjQuMzkzLTEuMDMgMC0xLjQybC0xMS4yNTctMTAuMjkiCiAgICAgICAgICBmaWxsPSIjZmZmZmZmIiBvcGFjaXR5PSIwLjgiIGZpbGwtcnVsZT0iZXZlbm9kZCIvPgo8L3N2Zz4=\" alt=\"previous arrow\"\/><\/div><\/div><div class=\"n2-ss-slider-controls n2-ss-slider-controls-absolute-right-center\"><div style=\"--widget-offset:15px;\" class=\"n2-ss-widget n2-ss-widget-display-hover nextend-arrow n2-ow-all nextend-arrow-next  nextend-arrow-animated-fade\" data-hide-mobilelandscape=\"1\" data-hide-mobileportrait=\"1\" id=\"n2-ss-3-arrow-next\" role=\"button\" aria-label=\"next arrow\" tabindex=\"0\"><img loading=\"lazy\" decoding=\"async\" width=\"32\" height=\"32\" class=\"skip-lazy\" data-skip-lazy=\"1\" src=\"data:image\/svg+xml;base64,PHN2ZyB3aWR0aD0iMzIiIGhlaWdodD0iMzIiIHZpZXdCb3g9IjAgMCAzMiAzMiIgeG1sbnM9Imh0dHA6Ly93d3cudzMub3JnLzIwMDAvc3ZnIj4KICAgIDxwYXRoIGQ9Ik0xMC43MjIgNC4yOTNjLS4zOTQtLjM5LTEuMDMyLS4zOS0xLjQyNyAwLS4zOTMuMzktLjM5MyAxLjAzIDAgMS40MmwxMS4yODMgMTAuMjgtMTEuMjgzIDEwLjI5Yy0uMzkzLjM5LS4zOTMgMS4wMiAwIDEuNDIuMzk1LjM5IDEuMDMzLjM5IDEuNDI3IDBsMTIuMDA3LTEwLjk0Yy4yMS0uMjEuMy0uNDkuMjg0LS43Ny4wMTQtLjI3LS4wNzYtLjU1LS4yODYtLjc2TDEwLjcyIDQuMjkzeiIKICAgICAgICAgIGZpbGw9IiNmZmZmZmYiIG9wYWNpdHk9IjAuOCIgZmlsbC1ydWxlPSJldmVub2RkIi8+Cjwvc3ZnPg==\" alt=\"next arrow\"\/><\/div><\/div><\/div><\/div><ss3-loader><\/ss3-loader><\/div><\/div><div class=\"n2_clear\"><\/div><\/div><\/ss3-force-full-width><\/div>\n\n<div class=\"n2_clear\"><ss3-force-full-width data-overflow-x=\"body\" data-horizontal-selector=\"#content\"><div class=\"n2-section-smartslider fitvidsignore  n2_clear\" data-ssid=\"55\"><div id=\"n2-ss-55-align\" class=\"n2-ss-align\"><div class=\"n2-padding\"><div id=\"n2-ss-55\" data-creator=\"Smart Slider 3\" data-responsive=\"fullwidth\" class=\"n2-ss-slider n2-ow n2-has-hover n2notransition  \">\n        <div class=\"n2-ss-slider-1 n2_ss__touch_element n2-ow\">\n            <div class=\"n2-ss-slider-2 n2-ow\">\n                                                    <div class=\"n2-ss-background-animation n2-ow\"><\/div>\n                                <div class=\"n2-ss-slider-3 n2-ow\">\n\n                    <div class=\"n2-ss-slide-backgrounds n2-ow-all\"><div class=\"n2-ss-slide-background\" data-public-id=\"1\" data-mode=\"fill\"><div data-color=\"RGBA(132,114,75,1)\" style=\"background-color: RGBA(132,114,75,1);\" class=\"n2-ss-slide-background-color\"><\/div><\/div><\/div>                    <div class=\"n2-ss-slider-4 n2-ow\">\n                        <svg xmlns=\"http:\/\/www.w3.org\/2000\/svg\" viewBox=\"0 0 1920 80\" data-related-device=\"desktopPortrait\" class=\"n2-ow n2-ss-preserve-size n2-ss-preserve-size--slider n2-ss-slide-limiter\"><\/svg><div data-first=\"1\" data-slide-duration=\"0\" data-id=\"70\" data-slide-public-id=\"1\" data-title=\"Erika Hacker aus Rohrbach in Ober\u00f6sterreich\" class=\"n2-ss-slide n2-ow  n2-ss-slide-70\"><div role=\"note\" class=\"n2-ss-slide--focus\" tabindex=\"-1\">Erika Hacker aus Rohrbach in Ober\u00f6sterreich<\/div><div class=\"n2-ss-layers-container n2-ss-slide-limiter n2-ow\"><div class=\"n2-ss-layer n2-ow n-uc-c1mzVvsdMkl5\" data-sstype=\"slide\" data-pm=\"default\"><div class=\"n2-ss-layer n2-ow n-uc-SLTUgWpu2wxE\" data-pm=\"default\" data-sstype=\"content\" data-hasbackground=\"0\"><div class=\"n2-ss-section-main-content n2-ss-layer-with-background n2-ss-layer-content n2-ow n-uc-SLTUgWpu2wxE-inner\"><div class=\"n2-ss-layer n2-ow n-uc-Co5gWf8dHdjg\" data-pm=\"normal\" data-sstype=\"layer\"><div id=\"n2-ss-55item1\" class=\"n2-font-73d4c8a2a16431099225850191cac415-hover   n2-ss-item-content n2-ss-text n2-ow\" style=\"display:block;\">dynamic rooms \u2013 limbic spaces \u2013 living colours<\/div><\/div><div class=\"n2-ss-layer n2-ow n-uc-MUXb9QvVECzO\" data-pm=\"normal\" data-sstype=\"layer\"><div id=\"n2-ss-55item2\" class=\"n2-font-3989da0916edbdf51726d8ccd08a8a08-hover   n2-ss-item-content n2-ss-text n2-ow\" style=\"display:block;\">Contact<\/div><\/div><\/div><\/div><\/div><\/div><\/div>                    <\/div>\n\n                                    <\/div>\n            <\/div>\n        <\/div>\n        <\/div><ss3-loader><\/ss3-loader><\/div><\/div><div class=\"n2_clear\"><\/div><\/div><\/ss3-force-full-width><\/div>\n\n<div class='conblock con-default  clearfix' style=''><div class='conblock-inner'>\n<div class='cols2 cols  nomargin  clearfix'>\n<div class='col colspan '>\n<h2>Erika Hacker<\/h2>\n<h3>dynamic rooms \u2013 limbic spaces \u2013 living colours<\/h3>\n<p>B\u00f6hmerwaldstra\u00dfe 7<br \/>A-4150 Rohrbach<br \/>Phone: <a href=\"tel:00436642638588\">+43 664 26 38 588<\/a><br \/>E-Mail:\u00a0<a href=\"mailto:&#x6f;&#x66;&#x66;&#x69;&#x63;&#x65;&#x40;&#x66;&#x65;&#x6e;&#x67;&#x2d;&#x73;&#x68;&#x75;&#x69;&#x2d;&#x66;&#x61;&#x72;&#x62;&#x65;&#x2e;&#x61;&#x74;\">&#x6f;&#x66;&#x66;&#x69;&#x63;&#x65;&#x40;<span class=\"oe_displaynone\">null<\/span>&#x66;&#x65;&#x6e;&#x67;&#x2d;&#x73;&#x68;&#x75;&#x69;&#x2d;&#x66;&#x61;&#x72;&#x62;&#x65;&#x2e;&#x61;&#x74;<\/a><\/p>\n<h3>Opening hours<\/h3>\n<table>\n<tbody>\n<tr>\n<td>Monday<\/td>\n<td>10 a.m. \u2013 6 p.m.<\/td>\n<\/tr>\n<tr>\n<td>Tuesday<\/td>\n<td>10 a.m. \u2013 6 p.m.<\/td>\n<\/tr>\n<tr>\n<td>Wednesday<\/td>\n<td>10 a.m. \u2013 6 p.m.<\/td>\n<\/tr>\n<tr>\n<td>Thursday<\/td>\n<td>10 a.m. \u2013 6 p.m.<\/td>\n<\/tr>\n<tr>\n<td>Friday<\/td>\n<td>10 a.m. \u2013 6 p.m.<\/td>\n<\/tr>\n<\/tbody>\n<\/table>\n<p>Appointments outside opening hours by telephone<br \/>Arrangement under the telephone number: <strong><a href=\"tel:00436642638588\">+43 664 26 38 588<\/a>.<\/strong><\/p>\n<\/div>\n<div class='col colspan last'>\n<h2>Contact form<\/h2>\n\n<div class=\"wpcf7 no-js\" id=\"wpcf7-f4-o1\" lang=\"de-DE\" dir=\"ltr\" data-wpcf7-id=\"4\">\n<div class=\"screen-reader-response\"><p role=\"status\" aria-live=\"polite\" aria-atomic=\"true\"><\/p> <ul><\/ul><\/div>\n<form action=\"\/en\/wp-json\/wp\/v2\/pages\/547#wpcf7-f4-o1\" method=\"post\" class=\"wpcf7-form init\" aria-label=\"Kontaktformular\" novalidate=\"novalidate\" data-status=\"init\">\n<fieldset class=\"hidden-fields-container\"><input type=\"hidden\" name=\"_wpcf7\" value=\"4\" \/><input type=\"hidden\" name=\"_wpcf7_version\" value=\"6.1.5\" \/><input type=\"hidden\" name=\"_wpcf7_locale\" value=\"de_DE\" \/><input type=\"hidden\" name=\"_wpcf7_unit_tag\" value=\"wpcf7-f4-o1\" \/><input type=\"hidden\" name=\"_wpcf7_container_post\" value=\"0\" \/><input type=\"hidden\" name=\"_wpcf7_posted_data_hash\" value=\"\" \/>\n<\/fieldset>\n<p><label>name (mandatory)<\/label><span class=\"wpcf7-form-control-wrap\" data-name=\"your-name\"><input size=\"40\" maxlength=\"400\" class=\"wpcf7-form-control wpcf7-text wpcf7-validates-as-required\" aria-required=\"true\" aria-invalid=\"false\" value=\"\" type=\"text\" name=\"your-name\" \/><\/span>\n<\/p>\n<p><span id=\"wpcf7-69e5abb1daf38-wrapper\" class=\"wpcf7-form-control-wrap honeypot-609-wrap\" style=\"display:none !important; visibility:hidden !important;\"><label for=\"wpcf7-69e5abb1daf38-field\" class=\"hp-message\">Bitte lasse dieses Feld leer.<\/label><input id=\"wpcf7-69e5abb1daf38-field\"  class=\"wpcf7-form-control wpcf7-text\" type=\"text\" name=\"honeypot-609\" value=\"\" size=\"40\" tabindex=\"-1\" autocomplete=\"new-password\" \/><\/span>\n<\/p>\n<p><label>email (mandatory)<\/label><span class=\"wpcf7-form-control-wrap\" data-name=\"your-email\"><input size=\"40\" maxlength=\"400\" class=\"wpcf7-form-control wpcf7-email wpcf7-validates-as-required wpcf7-text wpcf7-validates-as-email\" aria-required=\"true\" aria-invalid=\"false\" value=\"\" type=\"email\" name=\"your-email\" \/><\/span>\n<\/p>\n<p><label>subject (mandatory)<\/label><span class=\"wpcf7-form-control-wrap\" data-name=\"your-subject\"><input size=\"40\" maxlength=\"400\" class=\"wpcf7-form-control wpcf7-text wpcf7-validates-as-required\" aria-required=\"true\" aria-invalid=\"false\" value=\"\" type=\"text\" name=\"your-subject\" \/><\/span>\n<\/p>\n<p><label>message <\/label><span class=\"wpcf7-form-control-wrap\" data-name=\"your-message\"><textarea cols=\"40\" rows=\"5\" maxlength=\"2000\" class=\"wpcf7-form-control wpcf7-textarea\" aria-invalid=\"false\" name=\"your-message\"><\/textarea><\/span>\n<\/p>\n<p><span class=\"wpcf7-form-control-wrap\" data-name=\"quiz\"><label><span class=\"wpcf7-quiz-label\">Wieviel ist 4 + f\u00fcnf ?<\/span> <input size=\"40\" class=\"wpcf7-form-control wpcf7-quiz\" autocomplete=\"off\" aria-required=\"true\" aria-invalid=\"false\" type=\"text\" name=\"quiz\" \/><\/label><input type=\"hidden\" name=\"_wpcf7_quiz_answer_quiz\" value=\"47cc3307a150ce2e7c230987ac144068\" \/><\/span>\n<\/p>\n<p><input class=\"wpcf7-form-control wpcf7-submit has-spinner\" type=\"submit\" value=\"send\" \/>\n<\/p><div class=\"wpcf7-response-output\" aria-hidden=\"true\"><\/div>\n<\/form>\n<\/div>\n\n<\/div>\n<\/div>\n<\/div> <\/div>\n\n<div class=\"n2_clear\"><ss3-force-full-width data-overflow-x=\"body\" data-horizontal-selector=\"#content\"><div class=\"n2-section-smartslider fitvidsignore  n2_clear\" data-ssid=\"51\"><div id=\"n2-ss-51-align\" class=\"n2-ss-align\"><div class=\"n2-padding\"><div id=\"n2-ss-51\" data-creator=\"Smart Slider 3\" data-responsive=\"fullwidth\" class=\"n2-ss-slider n2-ow n2-has-hover n2notransition  \">\n        <div class=\"n2-ss-slider-1 n2_ss__touch_element n2-ow\">\n            <div class=\"n2-ss-slider-2 n2-ow\">\n                                                    <div class=\"n2-ss-background-animation n2-ow\"><\/div>\n                                <div class=\"n2-ss-slider-3 n2-ow\">\n\n                    <div class=\"n2-ss-slide-backgrounds n2-ow-all\"><div class=\"n2-ss-slide-background\" data-public-id=\"1\" data-mode=\"fill\"><div data-color=\"RGBA(132,114,75,1)\" style=\"background-color: RGBA(132,114,75,1);\" class=\"n2-ss-slide-background-color\"><\/div><\/div><\/div>                    <div class=\"n2-ss-slider-4 n2-ow\">\n                        <svg xmlns=\"http:\/\/www.w3.org\/2000\/svg\" viewBox=\"0 0 1920 80\" data-related-device=\"desktopPortrait\" class=\"n2-ow n2-ss-preserve-size n2-ss-preserve-size--slider n2-ss-slide-limiter\"><\/svg><div data-first=\"1\" data-slide-duration=\"0\" data-id=\"66\" data-slide-public-id=\"1\" data-title=\"Erika Hacker aus Rohrbach in Ober\u00f6sterreich\" class=\"n2-ss-slide n2-ow  n2-ss-slide-66\"><div role=\"note\" class=\"n2-ss-slide--focus\" tabindex=\"-1\">Erika Hacker aus Rohrbach in Ober\u00f6sterreich<\/div><div class=\"n2-ss-layers-container n2-ss-slide-limiter n2-ow\"><div class=\"n2-ss-layer n2-ow n-uc-cPWujxUUFxot\" data-sstype=\"slide\" data-pm=\"default\"><div class=\"n2-ss-layer n2-ow n-uc-yLtmukwP5Hak\" data-pm=\"default\" data-sstype=\"content\" data-hasbackground=\"0\"><div class=\"n2-ss-section-main-content n2-ss-layer-with-background n2-ss-layer-content n2-ow n-uc-yLtmukwP5Hak-inner\"><div class=\"n2-ss-layer n2-ow n-uc-fvcVrmIqkeZj\" data-pm=\"normal\" data-sstype=\"layer\"><div id=\"n2-ss-51item1\" class=\"n2-font-a30d8dfc2e98c39266a8a0016e7a73dd-hover   n2-ss-item-content n2-ss-text n2-ow\" style=\"display:block;\">How to find me<\/div><\/div><\/div><\/div><\/div><\/div><\/div>                    <\/div>\n\n                                    <\/div>\n            <\/div>\n        <\/div>\n        <\/div><ss3-loader><\/ss3-loader><\/div><\/div><div class=\"n2_clear\"><\/div><\/div><\/ss3-force-full-width><\/div>\n\n\n<div style=\"height:450px;\"><iframe loading=\"lazy\" id=\"googlemaps-frame\" style=\"border: 0;\" src=\"https:\/\/www.google.com\/maps\/embed?pb=!1m18!1m12!1m3!1d29231.52593572249!2d13.985255559197444!3d48.56574718991698!2m3!1f0!2f0!3f0!3m2!1i1024!2i768!4f13.1!3m3!1m2!1s0x477481955cfd5277%3A0x5505a25c42518691!2sFeng%20Shui%20und%20Farbe!5e0!3m2!1sde!2sat!4v1693467959984!5m2!1sde!2sat\" width=\"100%\" height=\"450\" frameborder=\"0\"><\/iframe><\/div>","protected":false},"excerpt":{"rendered":"","protected":false},"author":2,"featured_media":0,"parent":0,"menu_order":36,"comment_status":"closed","ping_status":"closed","template":"","meta":{"footnotes":""},"class_list":["post-547","page","type-page","status-publish","hentry"],"yoast_head":"<!-- This site is optimized with the Yoast SEO plugin v27.4 - https:\/\/yoast.com\/product\/yoast-seo-wordpress\/ -->\n<title>Contact - Erika Hacker aus Rohrbach in Ober\u00f6sterreich<\/title>\n<meta name=\"description\" content=\"B\u00f6hmerwaldstra\u00dfe 7 | A-4150 Rohrbach | +43 664 26 38 588 | office@feng-shui-farbe.at | www.feng-shui-farbe.at\" \/>\n<meta name=\"robots\" content=\"index, follow, max-snippet:-1, max-image-preview:large, max-video-preview:-1\" \/>\n<link rel=\"canonical\" href=\"https:\/\/www.feng-shui-farbe.at\/en\/contact\/\" \/>\n<meta property=\"og:locale\" content=\"en_US\" \/>\n<meta property=\"og:type\" content=\"article\" \/>\n<meta property=\"og:title\" content=\"Contact - Erika Hacker aus Rohrbach in Ober\u00f6sterreich\" \/>\n<meta property=\"og:description\" content=\"B\u00f6hmerwaldstra\u00dfe 7 | A-4150 Rohrbach | +43 664 26 38 588 | office@feng-shui-farbe.at | www.feng-shui-farbe.at\" \/>\n<meta property=\"og:url\" content=\"https:\/\/www.feng-shui-farbe.at\/en\/contact\/\" \/>\n<meta property=\"og:site_name\" content=\"Erika Hacker aus Rohrbach in Ober\u00f6sterreich\" \/>\n<meta property=\"article:modified_time\" content=\"2024-02-27T09:16:48+00:00\" \/>\n<meta name=\"twitter:card\" content=\"summary_large_image\" \/>\n<meta name=\"twitter:label1\" content=\"Est. reading time\" \/>\n\t<meta name=\"twitter:data1\" content=\"1 minute\" \/>\n<script type=\"application\/ld+json\" class=\"yoast-schema-graph\">{\"@context\":\"https:\\\/\\\/schema.org\",\"@graph\":[{\"@type\":\"WebPage\",\"@id\":\"https:\\\/\\\/www.feng-shui-farbe.at\\\/en\\\/contact\\\/\",\"url\":\"https:\\\/\\\/www.feng-shui-farbe.at\\\/en\\\/contact\\\/\",\"name\":\"Contact - Erika Hacker aus Rohrbach in Ober\u00f6sterreich\",\"isPartOf\":{\"@id\":\"https:\\\/\\\/www.feng-shui-farbe.at\\\/en\\\/#website\"},\"datePublished\":\"2016-06-28T19:05:53+00:00\",\"dateModified\":\"2024-02-27T09:16:48+00:00\",\"description\":\"B\u00f6hmerwaldstra\u00dfe 7 | A-4150 Rohrbach | +43 664 26 38 588 | office@feng-shui-farbe.at | www.feng-shui-farbe.at\",\"breadcrumb\":{\"@id\":\"https:\\\/\\\/www.feng-shui-farbe.at\\\/en\\\/contact\\\/#breadcrumb\"},\"inLanguage\":\"en-US\",\"potentialAction\":[{\"@type\":\"ReadAction\",\"target\":[\"https:\\\/\\\/www.feng-shui-farbe.at\\\/en\\\/contact\\\/\"]}]},{\"@type\":\"BreadcrumbList\",\"@id\":\"https:\\\/\\\/www.feng-shui-farbe.at\\\/en\\\/contact\\\/#breadcrumb\",\"itemListElement\":[{\"@type\":\"ListItem\",\"position\":1,\"name\":\"Home\",\"item\":\"https:\\\/\\\/www.feng-shui-farbe.at\\\/en\\\/\"},{\"@type\":\"ListItem\",\"position\":2,\"name\":\"Contact\"}]},{\"@type\":\"WebSite\",\"@id\":\"https:\\\/\\\/www.feng-shui-farbe.at\\\/en\\\/#website\",\"url\":\"https:\\\/\\\/www.feng-shui-farbe.at\\\/en\\\/\",\"name\":\"Erika Hacker aus Rohrbach in Ober\u00f6sterreich\",\"description\":\"Ich lade Sie herzlich ein, mit mir zusammen einen Weg in die Balance zu finden. Es gibt so viel zu tun, um die Welt sch\u00f6ner und die Menschen ges\u00fcnder zu machen.\",\"potentialAction\":[{\"@type\":\"SearchAction\",\"target\":{\"@type\":\"EntryPoint\",\"urlTemplate\":\"https:\\\/\\\/www.feng-shui-farbe.at\\\/en\\\/?s={search_term_string}\"},\"query-input\":{\"@type\":\"PropertyValueSpecification\",\"valueRequired\":true,\"valueName\":\"search_term_string\"}}],\"inLanguage\":\"en-US\"}]}<\/script>\n<!-- \/ Yoast SEO plugin. -->","yoast_head_json":{"title":"Contact - Erika Hacker aus Rohrbach in Ober\u00f6sterreich","description":"B\u00f6hmerwaldstra\u00dfe 7 | A-4150 Rohrbach | +43 664 26 38 588 | office@feng-shui-farbe.at | www.feng-shui-farbe.at","robots":{"index":"index","follow":"follow","max-snippet":"max-snippet:-1","max-image-preview":"max-image-preview:large","max-video-preview":"max-video-preview:-1"},"canonical":"https:\/\/www.feng-shui-farbe.at\/en\/contact\/","og_locale":"en_US","og_type":"article","og_title":"Contact - Erika Hacker aus Rohrbach in Ober\u00f6sterreich","og_description":"B\u00f6hmerwaldstra\u00dfe 7 | A-4150 Rohrbach | +43 664 26 38 588 | office@feng-shui-farbe.at | www.feng-shui-farbe.at","og_url":"https:\/\/www.feng-shui-farbe.at\/en\/contact\/","og_site_name":"Erika Hacker aus Rohrbach in Ober\u00f6sterreich","article_modified_time":"2024-02-27T09:16:48+00:00","twitter_card":"summary_large_image","twitter_misc":{"Est. reading time":"1 minute"},"schema":{"@context":"https:\/\/schema.org","@graph":[{"@type":"WebPage","@id":"https:\/\/www.feng-shui-farbe.at\/en\/contact\/","url":"https:\/\/www.feng-shui-farbe.at\/en\/contact\/","name":"Contact - Erika Hacker aus Rohrbach in Ober\u00f6sterreich","isPartOf":{"@id":"https:\/\/www.feng-shui-farbe.at\/en\/#website"},"datePublished":"2016-06-28T19:05:53+00:00","dateModified":"2024-02-27T09:16:48+00:00","description":"B\u00f6hmerwaldstra\u00dfe 7 | A-4150 Rohrbach | +43 664 26 38 588 | office@feng-shui-farbe.at | www.feng-shui-farbe.at","breadcrumb":{"@id":"https:\/\/www.feng-shui-farbe.at\/en\/contact\/#breadcrumb"},"inLanguage":"en-US","potentialAction":[{"@type":"ReadAction","target":["https:\/\/www.feng-shui-farbe.at\/en\/contact\/"]}]},{"@type":"BreadcrumbList","@id":"https:\/\/www.feng-shui-farbe.at\/en\/contact\/#breadcrumb","itemListElement":[{"@type":"ListItem","position":1,"name":"Home","item":"https:\/\/www.feng-shui-farbe.at\/en\/"},{"@type":"ListItem","position":2,"name":"Contact"}]},{"@type":"WebSite","@id":"https:\/\/www.feng-shui-farbe.at\/en\/#website","url":"https:\/\/www.feng-shui-farbe.at\/en\/","name":"Erika Hacker aus Rohrbach in Ober\u00f6sterreich","description":"Ich lade Sie herzlich ein, mit mir zusammen einen Weg in die Balance zu finden. Es gibt so viel zu tun, um die Welt sch\u00f6ner und die Menschen ges\u00fcnder zu machen.","potentialAction":[{"@type":"SearchAction","target":{"@type":"EntryPoint","urlTemplate":"https:\/\/www.feng-shui-farbe.at\/en\/?s={search_term_string}"},"query-input":{"@type":"PropertyValueSpecification","valueRequired":true,"valueName":"search_term_string"}}],"inLanguage":"en-US"}]}},"_links":{"self":[{"href":"https:\/\/www.feng-shui-farbe.at\/en\/wp-json\/wp\/v2\/pages\/547","targetHints":{"allow":["GET"]}}],"collection":[{"href":"https:\/\/www.feng-shui-farbe.at\/en\/wp-json\/wp\/v2\/pages"}],"about":[{"href":"https:\/\/www.feng-shui-farbe.at\/en\/wp-json\/wp\/v2\/types\/page"}],"author":[{"embeddable":true,"href":"https:\/\/www.feng-shui-farbe.at\/en\/wp-json\/wp\/v2\/users\/2"}],"replies":[{"embeddable":true,"href":"https:\/\/www.feng-shui-farbe.at\/en\/wp-json\/wp\/v2\/comments?post=547"}],"version-history":[{"count":8,"href":"https:\/\/www.feng-shui-farbe.at\/en\/wp-json\/wp\/v2\/pages\/547\/revisions"}],"predecessor-version":[{"id":1431,"href":"https:\/\/www.feng-shui-farbe.at\/en\/wp-json\/wp\/v2\/pages\/547\/revisions\/1431"}],"wp:attachment":[{"href":"https:\/\/www.feng-shui-farbe.at\/en\/wp-json\/wp\/v2\/media?parent=547"}],"curies":[{"name":"wp","href":"https:\/\/api.w.org\/{rel}","templated":true}]}}